{"id":282,"date":"2025-07-18T16:03:20","date_gmt":"2025-07-18T16:03:20","guid":{"rendered":"https:\/\/www.vgvk.at\/?page_id=282"},"modified":"2026-02-05T13:17:28","modified_gmt":"2026-02-05T13:17:28","slug":"training","status":"publish","type":"page","link":"https:\/\/www.vgvk.at\/en\/training\/","title":{"rendered":"Training"},"content":{"rendered":"<div data-elementor-type=\"wp-page\" data-elementor-id=\"282\" class=\"elementor elementor-282\">\n\t\t\t\t<div class=\"elementor-element elementor-element-e001dbe e-con-full e-flex wpr-particle-no wpr-jarallax-no wpr-parallax-no wpr-sticky-section-no e-con e-parent\" data-id=\"e001dbe\" data-element_type=\"container\" data-settings=\"{&quot;background_background&quot;:&quot;classic&quot;}\">\n\t\t<div class=\"elementor-element elementor-element-d28047a e-con-full e-flex wpr-particle-no wpr-jarallax-no wpr-parallax-no wpr-sticky-section-no e-con e-child\" data-id=\"d28047a\" data-element_type=\"container\">\n\t\t\t\t<div class=\"elementor-element elementor-element-c2bfa15 elementor-align-right elementor-widget elementor-widget-button\" data-id=\"c2bfa15\" data-element_type=\"widget\" data-widget_type=\"button.default\">\n\t\t\t\t\t\t\t\t\t\t<a class=\"elementor-button elementor-button-link elementor-size-sm\" href=\"https:\/\/forms.gle\/imuXkKniiZvWmpR5A\">\n\t\t\t\t\t\t<span class=\"elementor-button-content-wrapper\">\n\t\t\t\t\t\t\t\t\t<span class=\"elementor-button-text\">Book now!<\/span>\n\t\t\t\t\t<\/span>\n\t\t\t\t\t<\/a>\n\t\t\t\t\t\t\t\t<\/div>\n\t\t\t\t<\/div>\n\t\t<div class=\"elementor-element elementor-element-febf561 e-con-full e-flex wpr-particle-no wpr-jarallax-no wpr-parallax-no wpr-sticky-section-no e-con e-child\" data-id=\"febf561\" data-element_type=\"container\">\n\t\t\t\t<div class=\"elementor-element elementor-element-1e41f96 elementor-widget elementor-widget-text-editor\" data-id=\"1e41f96\" data-element_type=\"widget\" data-widget_type=\"text-editor.default\">\n\t\t\t\t\t\t\t\t\t<h3><strong>Sign up now for a free trial training session!\u00a0<\/strong><\/h3>\t\t\t\t\t\t\t\t<\/div>\n\t\t\t\t<\/div>\n\t\t\t\t<\/div>\n\t\t<div class=\"elementor-element elementor-element-933a902 e-flex e-con-boxed wpr-particle-no wpr-jarallax-no wpr-parallax-no wpr-sticky-section-no e-con e-parent\" data-id=\"933a902\" data-element_type=\"container\">\n\t\t\t\t\t<div class=\"e-con-inner\">\n\t\t\t\t<div class=\"elementor-element elementor-element-6a4e159 elementor-widget elementor-widget-spacer\" data-id=\"6a4e159\" data-element_type=\"widget\" data-widget_type=\"spacer.default\">\n\t\t\t\t\t\t\t<div class=\"elementor-spacer\">\n\t\t\t<div class=\"elementor-spacer-inner\"><\/div>\n\t\t<\/div>\n\t\t\t\t\t\t<\/div>\n\t\t\t\t\t<\/div>\n\t\t\t\t<\/div>\n\t\t<div class=\"elementor-element elementor-element-9a453af e-flex e-con-boxed wpr-particle-no wpr-jarallax-no wpr-parallax-no wpr-sticky-section-no e-con e-parent\" data-id=\"9a453af\" data-element_type=\"container\">\n\t\t\t\t\t<div class=\"e-con-inner\">\n\t\t<div class=\"elementor-element elementor-element-9d5e2fa e-con-full e-flex wpr-particle-no wpr-jarallax-no wpr-parallax-no wpr-sticky-section-no e-con e-child\" data-id=\"9d5e2fa\" data-element_type=\"container\">\n\t\t\t\t<div class=\"elementor-element elementor-element-8a03ff5 elementor-widget__width-initial elementor-widget elementor-widget-text-editor\" data-id=\"8a03ff5\" data-element_type=\"widget\" data-widget_type=\"text-editor.default\">\n\t\t\t\t\t\t\t\t\t<h3><strong>Training, Training, Training!<\/strong><\/h3>\t\t\t\t\t\t\t\t<\/div>\n\t\t\t\t<div class=\"elementor-element elementor-element-1a3b216 elementor-widget__width-initial elementor-widget elementor-widget-text-editor\" data-id=\"1a3b216\" data-element_type=\"widget\" data-widget_type=\"text-editor.default\">\n\t\t\t\t\t\t\t\t\t<p data-start=\"116\" data-end=\"581\" class=\" translation-block\">Under the motto \u201cTraining, Training, Training!\u201d, VgVK Vienna has been offering weekly training sessions at three locations across Vienna since 2011, making Medieval Combat accessible to everyone \u2013 from curious beginners to ambitious competitive athletes.At the heart of our program is the Soft-Sword training system, combining safety, fun, and athletic challenge. Our courses are certified with the Fit Sport Austria Quality Seal.<\/p><p data-start=\"583\" data-end=\"996\" class=\" translation-block\">Getting started is easy: All you need are indoor sports shoes and workout clothes \u2013 Soft-Sword equipment is provided on-site. You can join our courses or take a free trial session at any time. Membership is \u20ac99 per semester (plus a one-time \u20ac15 registration fee). Thanks to subsidized spots via the \u201cTu\u202fWas Pass\u201d, our programs are also open to people from socioeconomically disadvantaged households.<\/p><p data-start=\"998\" data-end=\"1137\" class=\" translation-block\">The result is training that equally promotes fitness, technique, and teamwork \u2013 affordable, professional, and open to all.<\/p>\t\t\t\t\t\t\t\t<\/div>\n\t\t\t\t<div class=\"elementor-element elementor-element-df2a3c8 elementor-widget__width-initial elementor-widget elementor-widget-text-editor\" data-id=\"df2a3c8\" data-element_type=\"widget\" data-widget_type=\"text-editor.default\">\n\t\t\t\t\t\t\t\t\t<p><a href=\"https:\/\/www.vgvk.at\/wp-content\/uploads\/2026\/02\/20260203_VgVK-Wien_Kursprogramm-SoSe2026.pdf\"><strong>Download the current course schedule as a PDF!<\/strong><\/a><\/p>\t\t\t\t\t\t\t\t<\/div>\n\t\t\t\t<\/div>\n\t\t<div class=\"elementor-element elementor-element-c186977 e-con-full e-flex wpr-particle-no wpr-jarallax-no wpr-parallax-no wpr-sticky-section-no e-con e-child\" data-id=\"c186977\" data-element_type=\"container\">\n\t\t\t\t<div class=\"elementor-element elementor-element-79a0831 elementor-widget elementor-widget-image\" data-id=\"79a0831\" data-element_type=\"widget\" data-widget_type=\"image.default\">\n\t\t\t\t\t\t\t\t\t\t\t\t\t\t\t<img fetchpriority=\"high\" decoding=\"async\" width=\"720\" height=\"478\" src=\"https:\/\/www.vgvk.at\/wp-content\/uploads\/2025\/07\/Fotos_VgVK-Web_-15.jpg\" class=\"attachment-large size-large wp-image-361\" alt=\"\" srcset=\"https:\/\/www.vgvk.at\/wp-content\/uploads\/2025\/07\/Fotos_VgVK-Web_-15.jpg 720w, https:\/\/www.vgvk.at\/wp-content\/uploads\/2025\/07\/Fotos_VgVK-Web_-15-300x199.jpg 300w, https:\/\/www.vgvk.at\/wp-content\/uploads\/2025\/07\/Fotos_VgVK-Web_-15-18x12.jpg 18w\" sizes=\"(max-width: 720px) 100vw, 720px\" \/>\t\t\t\t\t\t\t\t\t\t\t\t\t\t\t<\/div>\n\t\t\t\t<div class=\"elementor-element elementor-element-5bff4c2 elementor-widget elementor-widget-image\" data-id=\"5bff4c2\" data-element_type=\"widget\" data-widget_type=\"image.default\">\n\t\t\t\t\t\t\t\t\t\t\t\t\t\t\t<img decoding=\"async\" width=\"720\" height=\"478\" src=\"https:\/\/www.vgvk.at\/wp-content\/uploads\/2025\/07\/Fotos_VgVK-Web_-7.jpg\" class=\"attachment-large size-large wp-image-372\" alt=\"\" srcset=\"https:\/\/www.vgvk.at\/wp-content\/uploads\/2025\/07\/Fotos_VgVK-Web_-7.jpg 720w, https:\/\/www.vgvk.at\/wp-content\/uploads\/2025\/07\/Fotos_VgVK-Web_-7-300x199.jpg 300w, https:\/\/www.vgvk.at\/wp-content\/uploads\/2025\/07\/Fotos_VgVK-Web_-7-18x12.jpg 18w\" sizes=\"(max-width: 720px) 100vw, 720px\" \/>\t\t\t\t\t\t\t\t\t\t\t\t\t\t\t<\/div>\n\t\t\t\t<\/div>\n\t\t\t\t\t<\/div>\n\t\t\t\t<\/div>\n\t\t<div class=\"elementor-element elementor-element-fd25fda e-flex e-con-boxed wpr-particle-no wpr-jarallax-no wpr-parallax-no wpr-sticky-section-no e-con e-parent\" data-id=\"fd25fda\" data-element_type=\"container\">\n\t\t\t\t\t<div class=\"e-con-inner\">\n\t\t\t\t<div class=\"elementor-element elementor-element-2aff368 elementor-widget elementor-widget-spacer\" data-id=\"2aff368\" data-element_type=\"widget\" data-widget_type=\"spacer.default\">\n\t\t\t\t\t\t\t<div class=\"elementor-spacer\">\n\t\t\t<div class=\"elementor-spacer-inner\"><\/div>\n\t\t<\/div>\n\t\t\t\t\t\t<\/div>\n\t\t\t\t\t<\/div>\n\t\t\t\t<\/div>\n\t\t<div class=\"elementor-element elementor-element-274a812 e-flex e-con-boxed wpr-particle-no wpr-jarallax-no wpr-parallax-no wpr-sticky-section-no e-con e-parent\" data-id=\"274a812\" data-element_type=\"container\">\n\t\t\t\t\t<div class=\"e-con-inner\">\n\t\t\t\t<div class=\"elementor-element elementor-element-768181f elementor-widget elementor-widget-html\" data-id=\"768181f\" data-element_type=\"widget\" data-widget_type=\"html.default\">\n\t\t\t\t\t<iframe src=\"https:\/\/board.fitsportaustria.at\/sites\/iframe\/66b5abfb8722a\" width=\"490\" height=\"600\"> <\/iframe>\t\t\t\t<\/div>\n\t\t\t\t\t<\/div>\n\t\t\t\t<\/div>\n\t\t<div class=\"elementor-element elementor-element-d1a5323 e-flex e-con-boxed wpr-particle-no wpr-jarallax-no wpr-parallax-no wpr-sticky-section-no e-con e-parent\" data-id=\"d1a5323\" data-element_type=\"container\">\n\t\t\t\t\t<div class=\"e-con-inner\">\n\t\t\t\t<div class=\"elementor-element elementor-element-571f202 elementor-widget elementor-widget-spacer\" data-id=\"571f202\" data-element_type=\"widget\" data-widget_type=\"spacer.default\">\n\t\t\t\t\t\t\t<div class=\"elementor-spacer\">\n\t\t\t<div class=\"elementor-spacer-inner\"><\/div>\n\t\t<\/div>\n\t\t\t\t\t\t<\/div>\n\t\t\t\t\t<\/div>\n\t\t\t\t<\/div>\n\t\t<div class=\"elementor-element elementor-element-dd268ca e-flex e-con-boxed wpr-particle-no wpr-jarallax-no wpr-parallax-no wpr-sticky-section-no e-con e-parent\" data-id=\"dd268ca\" data-element_type=\"container\">\n\t\t\t\t\t<div class=\"e-con-inner\">\n\t\t\t\t<div class=\"elementor-element elementor-element-153164f elementor-widget__width-initial elementor-widget elementor-widget-text-editor\" data-id=\"153164f\" data-element_type=\"widget\" data-widget_type=\"text-editor.default\">\n\t\t\t\t\t\t\t\t\t<h3><strong>Our Training Locations<\/strong><\/h3>\t\t\t\t\t\t\t\t<\/div>\n\t\t\t\t\t<\/div>\n\t\t\t\t<\/div>\n\t\t<div class=\"elementor-element elementor-element-b808afd e-grid e-con-boxed wpr-particle-no wpr-jarallax-no wpr-parallax-no wpr-sticky-section-no e-con e-parent\" data-id=\"b808afd\" data-element_type=\"container\">\n\t\t\t\t\t<div class=\"e-con-inner\">\n\t\t\t\t<div class=\"elementor-element elementor-element-14daf00 elementor-widget elementor-widget-google_maps\" data-id=\"14daf00\" data-element_type=\"widget\" data-widget_type=\"google_maps.default\">\n\t\t\t\t\t\t\t<div class=\"elementor-custom-embed\">\n\t\t\t<iframe loading=\"lazy\"\n\t\t\t\t\tsrc=\"https:\/\/maps.google.com\/maps?q=Sportarena%20Wien%2C%20Engerthstr.%20267%2C%201020%20Wien&#038;t=m&#038;z=17&#038;output=embed&#038;iwloc=near\"\n\t\t\t\t\ttitle=\"Sportarena Wien, Engerthstr. 267, 1020 Wien\"\n\t\t\t\t\taria-label=\"Sportarena Wien, Engerthstr. 267, 1020 Wien\"\n\t\t\t><\/iframe>\n\t\t<\/div>\n\t\t\t\t\t\t<\/div>\n\t\t\t\t<div class=\"elementor-element elementor-element-af09a5e elementor-widget elementor-widget-google_maps\" data-id=\"af09a5e\" data-element_type=\"widget\" data-widget_type=\"google_maps.default\">\n\t\t\t\t\t\t\t<div class=\"elementor-custom-embed\">\n\t\t\t<iframe loading=\"lazy\"\n\t\t\t\t\tsrc=\"https:\/\/maps.google.com\/maps?q=VS%20Laim%C3%A4ckergasse%2017%2C%201100%20Wien&#038;t=m&#038;z=17&#038;output=embed&#038;iwloc=near\"\n\t\t\t\t\ttitle=\"VS Laim\u00e4ckergasse 17, 1100 Wien\"\n\t\t\t\t\taria-label=\"VS Laim\u00e4ckergasse 17, 1100 Wien\"\n\t\t\t><\/iframe>\n\t\t<\/div>\n\t\t\t\t\t\t<\/div>\n\t\t\t\t<div class=\"elementor-element elementor-element-35186fc elementor-widget elementor-widget-google_maps\" data-id=\"35186fc\" data-element_type=\"widget\" data-widget_type=\"google_maps.default\">\n\t\t\t\t\t\t\t<div class=\"elementor-custom-embed\">\n\t\t\t<iframe loading=\"lazy\"\n\t\t\t\t\tsrc=\"https:\/\/maps.google.com\/maps?q=Haus%20Ober%C3%B6sterreich%2C%20Hermanngasse%202A%2C%201070%20Wien&#038;t=m&#038;z=17&#038;output=embed&#038;iwloc=near\"\n\t\t\t\t\ttitle=\"Haus Ober\u00f6sterreich, Hermanngasse 2A, 1070 Wien\"\n\t\t\t\t\taria-label=\"Haus Ober\u00f6sterreich, Hermanngasse 2A, 1070 Wien\"\n\t\t\t><\/iframe>\n\t\t<\/div>\n\t\t\t\t\t\t<\/div>\n\t\t\t\t\t<\/div>\n\t\t\t\t<\/div>\n\t\t<div class=\"elementor-element elementor-element-67b552f e-grid e-con-boxed wpr-particle-no wpr-jarallax-no wpr-parallax-no wpr-sticky-section-no e-con e-parent\" data-id=\"67b552f\" data-element_type=\"container\">\n\t\t\t\t\t<div class=\"e-con-inner\">\n\t\t<div class=\"elementor-element elementor-element-f37230f e-con-full e-flex wpr-particle-no wpr-jarallax-no wpr-parallax-no wpr-sticky-section-no e-con e-child\" data-id=\"f37230f\" data-element_type=\"container\">\n\t\t\t\t<div class=\"elementor-element elementor-element-867f644 elementor-widget elementor-widget-image\" data-id=\"867f644\" data-element_type=\"widget\" data-widget_type=\"image.default\">\n\t\t\t\t\t\t\t\t\t\t\t\t\t\t\t\t<a href=\"https:\/\/www.fitsportaustria.at\/main.asp?VID=1&#038;kat1=94&#038;kat2=666\">\n\t\t\t\t\t\t\t<img decoding=\"async\" width=\"625\" height=\"625\" src=\"https:\/\/www.vgvk.at\/wp-content\/uploads\/2025\/07\/FSA_Logo_Web.png\" class=\"attachment-large size-large wp-image-185\" alt=\"\" srcset=\"https:\/\/www.vgvk.at\/wp-content\/uploads\/2025\/07\/FSA_Logo_Web.png 625w, https:\/\/www.vgvk.at\/wp-content\/uploads\/2025\/07\/FSA_Logo_Web-300x300.png 300w, https:\/\/www.vgvk.at\/wp-content\/uploads\/2025\/07\/FSA_Logo_Web-150x150.png 150w, https:\/\/www.vgvk.at\/wp-content\/uploads\/2025\/07\/FSA_Logo_Web-12x12.png 12w\" sizes=\"(max-width: 625px) 100vw, 625px\" \/>\t\t\t\t\t\t\t\t<\/a>\n\t\t\t\t\t\t\t\t\t\t\t\t\t\t\t<\/div>\n\t\t\t\t<\/div>\n\t\t\t\t<div class=\"elementor-element elementor-element-05eccb6 elementor-widget elementor-widget-image\" data-id=\"05eccb6\" data-element_type=\"widget\" data-widget_type=\"image.default\">\n\t\t\t\t\t\t\t\t\t\t\t\t\t\t\t\t<a href=\"https:\/\/vorteilsclub.wien.at\/meine-vorteile\/vgvk-wien\">\n\t\t\t\t\t\t\t<img loading=\"lazy\" decoding=\"async\" width=\"625\" height=\"625\" src=\"https:\/\/www.vgvk.at\/wp-content\/uploads\/2025\/07\/VC-Wien_Logo_web.png\" class=\"attachment-large size-large wp-image-917\" alt=\"\" srcset=\"https:\/\/www.vgvk.at\/wp-content\/uploads\/2025\/07\/VC-Wien_Logo_web.png 625w, https:\/\/www.vgvk.at\/wp-content\/uploads\/2025\/07\/VC-Wien_Logo_web-300x300.png 300w, https:\/\/www.vgvk.at\/wp-content\/uploads\/2025\/07\/VC-Wien_Logo_web-150x150.png 150w, https:\/\/www.vgvk.at\/wp-content\/uploads\/2025\/07\/VC-Wien_Logo_web-12x12.png 12w\" sizes=\"(max-width: 625px) 100vw, 625px\" \/>\t\t\t\t\t\t\t\t<\/a>\n\t\t\t\t\t\t\t\t\t\t\t\t\t\t\t<\/div>\n\t\t\t\t<div class=\"elementor-element elementor-element-0b1f963 elementor-widget elementor-widget-image\" data-id=\"0b1f963\" data-element_type=\"widget\" data-widget_type=\"image.default\">\n\t\t\t\t\t\t\t\t\t\t\t\t\t\t\t\t<a href=\"https:\/\/www.bewegungshunger.info\/\">\n\t\t\t\t\t\t\t<img loading=\"lazy\" decoding=\"async\" width=\"625\" height=\"625\" src=\"https:\/\/www.vgvk.at\/wp-content\/uploads\/2025\/07\/Tuwaspass_logo_web.jpg\" class=\"attachment-large size-large wp-image-661\" alt=\"\" srcset=\"https:\/\/www.vgvk.at\/wp-content\/uploads\/2025\/07\/Tuwaspass_logo_web.jpg 625w, https:\/\/www.vgvk.at\/wp-content\/uploads\/2025\/07\/Tuwaspass_logo_web-300x300.jpg 300w, https:\/\/www.vgvk.at\/wp-content\/uploads\/2025\/07\/Tuwaspass_logo_web-150x150.jpg 150w, https:\/\/www.vgvk.at\/wp-content\/uploads\/2025\/07\/Tuwaspass_logo_web-12x12.jpg 12w\" sizes=\"(max-width: 625px) 100vw, 625px\" \/>\t\t\t\t\t\t\t\t<\/a>\n\t\t\t\t\t\t\t\t\t\t\t\t\t\t\t<\/div>\n\t\t\t\t<div class=\"elementor-element elementor-element-a3cb87f elementor-widget elementor-widget-image\" data-id=\"a3cb87f\" data-element_type=\"widget\" data-widget_type=\"image.default\">\n\t\t\t\t\t\t\t\t\t\t\t\t\t\t\t\t<a href=\"https:\/\/www.wig.or.at\/programme\/gesunde-freizeit\/tuwaspass\">\n\t\t\t\t\t\t\t<img loading=\"lazy\" decoding=\"async\" width=\"500\" height=\"500\" src=\"https:\/\/www.vgvk.at\/wp-content\/uploads\/2025\/07\/WiG_Logo_ACA-partner.png\" class=\"attachment-large size-large wp-image-663\" alt=\"\" srcset=\"https:\/\/www.vgvk.at\/wp-content\/uploads\/2025\/07\/WiG_Logo_ACA-partner.png 500w, https:\/\/www.vgvk.at\/wp-content\/uploads\/2025\/07\/WiG_Logo_ACA-partner-300x300.png 300w, https:\/\/www.vgvk.at\/wp-content\/uploads\/2025\/07\/WiG_Logo_ACA-partner-150x150.png 150w, https:\/\/www.vgvk.at\/wp-content\/uploads\/2025\/07\/WiG_Logo_ACA-partner-12x12.png 12w\" sizes=\"(max-width: 500px) 100vw, 500px\" \/>\t\t\t\t\t\t\t\t<\/a>\n\t\t\t\t\t\t\t\t\t\t\t\t\t\t\t<\/div>\n\t\t\t\t\t<\/div>\n\t\t\t\t<\/div>\n\t\t<div class=\"elementor-element elementor-element-12c218a e-flex e-con-boxed wpr-particle-no wpr-jarallax-no wpr-parallax-no wpr-sticky-section-no e-con e-parent\" data-id=\"12c218a\" data-element_type=\"container\">\n\t\t\t\t\t<div class=\"e-con-inner\">\n\t\t\t\t<div class=\"elementor-element elementor-element-7c51a9c elementor-widget elementor-widget-html\" data-id=\"7c51a9c\" data-element_type=\"widget\" data-widget_type=\"html.default\">\n\t\t\t\t\t<script src=\"https:\/\/board.fitsportaustria.at\/66b5abfb8722a.js\" type=\"text\/javascript\"> <\/script>\t\t\t\t<\/div>\n\t\t\t\t\t<\/div>\n\t\t\t\t<\/div>\n\t\t\t\t<\/div>","protected":false},"excerpt":{"rendered":"<p>Probetraining buchen Melde dich gleich zu einem kostenfreien Probetraining an!\u00a0 Training, Training, Training! Unter dem Motto &#8222;Training, Training, Training!&#8220; bietet der VgVK Wien seit 2011 w\u00f6chentliche Trainings an aktuell drei Standorten in Wien an und macht Medieval Combat f\u00fcr alle zug\u00e4nglich \u2013 von neugierigen Einsteiger:innen bis zu ambitionierten Wettkampfsportler:innen. Im Mittelpunkt steht das Soft-Sword Trainingssystem, das Sicherheit, Spa\u00df und sportliche Herausforderung vereint. Unsere Kurse sind mit dem Fit Sport Austria Qualit\u00e4tssiegel ausgezeichnet. Der Einstieg ist unkompliziert: Hallenschuhe und Sportbekleidung reichen, die Soft-Sword Ausr\u00fcstung wird vor Ort bereitgestellt. Ein Einstieg in die Kurse und ein kostenloses Probetraining sind jederzeit m\u00f6glich. Die Mitgliedschaft kostet 99 EUR pro Semester (zuz\u00fcglich einmalig 15\u202fEUR Einschreibegeb\u00fchr) \u2013 und dank gef\u00f6rderter Pl\u00e4tze \u00fcber den Tu\u202fWas-Pass steht unser Angebot auch Menschen aus sozio\u00f6konomisch benachteiligten Haushalten offen. So entsteht ein Training, das Fitness, Technik und Teamgeist gleicherma\u00dfen f\u00f6rdert \u2013 leistbar, professionell und f\u00fcr alle zug\u00e4nglich. Aktuelles Kursprogramm als PDF downloaden! Unsere Trainingsstandorte<\/p>","protected":false},"author":1,"featured_media":0,"parent":0,"menu_order":0,"comment_status":"closed","ping_status":"closed","template":"","meta":{"footnotes":""},"class_list":["post-282","page","type-page","status-publish","hentry"],"yoast_head":"<!-- This site is optimized with the Yoast SEO plugin v26.9 - https:\/\/yoast.com\/product\/yoast-seo-wordpress\/ -->\n<title>Training - VgVK Wien<\/title>\n<meta name=\"description\" content=\"Trainiere Medieval Combat in Wien: w\u00f6chentliche Soft-Sword-Sessions f\u00fcr alle Fitnesslevels beim VgVK Wien.\" \/>\n<meta name=\"robots\" content=\"index, follow, max-snippet:-1, max-image-preview:large, max-video-preview:-1\" \/>\n<link rel=\"canonical\" href=\"https:\/\/www.vgvk.at\/en\/training\/\" \/>\n<meta property=\"og:locale\" content=\"en_US\" \/>\n<meta property=\"og:type\" content=\"article\" \/>\n<meta property=\"og:title\" content=\"Training - VgVK Wien\" \/>\n<meta property=\"og:description\" content=\"Trainiere Medieval Combat in Wien: w\u00f6chentliche Soft-Sword-Sessions f\u00fcr alle Fitnesslevels beim VgVK Wien.\" \/>\n<meta property=\"og:url\" content=\"https:\/\/www.vgvk.at\/en\/training\/\" \/>\n<meta property=\"og:site_name\" content=\"VgVK Wien\" \/>\n<meta property=\"article:publisher\" content=\"https:\/\/www.facebook.com\/Vollkontaktkampf\" \/>\n<meta property=\"article:modified_time\" content=\"2026-02-05T13:17:28+00:00\" \/>\n<meta property=\"og:image\" content=\"https:\/\/www.vgvk.at\/wp-content\/uploads\/2025\/07\/Fotos_VgVK-Web_-15.jpg\" \/>\n<meta name=\"twitter:card\" content=\"summary_large_image\" \/>\n<meta name=\"twitter:label1\" content=\"Est. reading time\" \/>\n\t<meta name=\"twitter:data1\" content=\"2 minutes\" \/>\n<script type=\"application\/ld+json\" class=\"yoast-schema-graph\">{\"@context\":\"https:\/\/schema.org\",\"@graph\":[{\"@type\":\"WebPage\",\"@id\":\"https:\/\/www.vgvk.at\/training\/\",\"url\":\"https:\/\/www.vgvk.at\/training\/\",\"name\":\"Training - VgVK Wien\",\"isPartOf\":{\"@id\":\"https:\/\/www.vgvk.at\/#website\"},\"primaryImageOfPage\":{\"@id\":\"https:\/\/www.vgvk.at\/training\/#primaryimage\"},\"image\":{\"@id\":\"https:\/\/www.vgvk.at\/training\/#primaryimage\"},\"thumbnailUrl\":\"https:\/\/www.vgvk.at\/wp-content\/uploads\/2025\/07\/Fotos_VgVK-Web_-15.jpg\",\"datePublished\":\"2025-07-18T16:03:20+00:00\",\"dateModified\":\"2026-02-05T13:17:28+00:00\",\"description\":\"Trainiere Medieval Combat in Wien: w\u00f6chentliche Soft-Sword-Sessions f\u00fcr alle Fitnesslevels beim VgVK Wien.\",\"breadcrumb\":{\"@id\":\"https:\/\/www.vgvk.at\/training\/#breadcrumb\"},\"inLanguage\":\"en-US\",\"potentialAction\":[{\"@type\":\"ReadAction\",\"target\":[\"https:\/\/www.vgvk.at\/training\/\"]}]},{\"@type\":\"ImageObject\",\"inLanguage\":\"en-US\",\"@id\":\"https:\/\/www.vgvk.at\/training\/#primaryimage\",\"url\":\"https:\/\/www.vgvk.at\/wp-content\/uploads\/2025\/07\/Fotos_VgVK-Web_-15.jpg\",\"contentUrl\":\"https:\/\/www.vgvk.at\/wp-content\/uploads\/2025\/07\/Fotos_VgVK-Web_-15.jpg\"},{\"@type\":\"BreadcrumbList\",\"@id\":\"https:\/\/www.vgvk.at\/training\/#breadcrumb\",\"itemListElement\":[{\"@type\":\"ListItem\",\"position\":1,\"name\":\"Home\",\"item\":\"https:\/\/www.vgvk.at\/\"},{\"@type\":\"ListItem\",\"position\":2,\"name\":\"Training\"}]},{\"@type\":\"WebSite\",\"@id\":\"https:\/\/www.vgvk.at\/#website\",\"url\":\"https:\/\/www.vgvk.at\/\",\"name\":\"VgVK Wien\",\"description\":\"Medieval Combat in Wien seit 2011\",\"publisher\":{\"@id\":\"https:\/\/www.vgvk.at\/#organization\"},\"potentialAction\":[{\"@type\":\"SearchAction\",\"target\":{\"@type\":\"EntryPoint\",\"urlTemplate\":\"https:\/\/www.vgvk.at\/?s={search_term_string}\"},\"query-input\":{\"@type\":\"PropertyValueSpecification\",\"valueRequired\":true,\"valueName\":\"search_term_string\"}}],\"inLanguage\":\"en-US\"},{\"@type\":\"Organization\",\"@id\":\"https:\/\/www.vgvk.at\/#organization\",\"name\":\"VgVK Wien\",\"url\":\"https:\/\/www.vgvk.at\/\",\"logo\":{\"@type\":\"ImageObject\",\"inLanguage\":\"en-US\",\"@id\":\"https:\/\/www.vgvk.at\/#\/schema\/logo\/image\/\",\"url\":\"https:\/\/www.vgvk.at\/wp-content\/uploads\/2025\/07\/cropped-VgVK-Wien-Logo-neu-2025.png\",\"contentUrl\":\"https:\/\/www.vgvk.at\/wp-content\/uploads\/2025\/07\/cropped-VgVK-Wien-Logo-neu-2025.png\",\"width\":512,\"height\":512,\"caption\":\"VgVK Wien\"},\"image\":{\"@id\":\"https:\/\/www.vgvk.at\/#\/schema\/logo\/image\/\"},\"sameAs\":[\"https:\/\/www.facebook.com\/Vollkontaktkampf\",\"https:\/\/www.youtube.com\/@VgVKWien-MedievalCombat\",\"https:\/\/www.instagram.com\/vollkontaktkampf_wien\/\",\"https:\/\/www.linkedin.com\/company\/vollkontaktkampf-wien\"]}]}<\/script>\n<!-- \/ Yoast SEO plugin. -->","yoast_head_json":{"title":"Training - VgVK Wien","description":"Trainiere Medieval Combat in Wien: w\u00f6chentliche Soft-Sword-Sessions f\u00fcr alle Fitnesslevels beim VgVK Wien.","robots":{"index":"index","follow":"follow","max-snippet":"max-snippet:-1","max-image-preview":"max-image-preview:large","max-video-preview":"max-video-preview:-1"},"canonical":"https:\/\/www.vgvk.at\/en\/training\/","og_locale":"en_US","og_type":"article","og_title":"Training - VgVK Wien","og_description":"Trainiere Medieval Combat in Wien: w\u00f6chentliche Soft-Sword-Sessions f\u00fcr alle Fitnesslevels beim VgVK Wien.","og_url":"https:\/\/www.vgvk.at\/en\/training\/","og_site_name":"VgVK Wien","article_publisher":"https:\/\/www.facebook.com\/Vollkontaktkampf","article_modified_time":"2026-02-05T13:17:28+00:00","og_image":[{"url":"https:\/\/www.vgvk.at\/wp-content\/uploads\/2025\/07\/Fotos_VgVK-Web_-15.jpg","type":"","width":"","height":""}],"twitter_card":"summary_large_image","twitter_misc":{"Est. reading time":"2 minutes"},"schema":{"@context":"https:\/\/schema.org","@graph":[{"@type":"WebPage","@id":"https:\/\/www.vgvk.at\/training\/","url":"https:\/\/www.vgvk.at\/training\/","name":"Training - VgVK Wien","isPartOf":{"@id":"https:\/\/www.vgvk.at\/#website"},"primaryImageOfPage":{"@id":"https:\/\/www.vgvk.at\/training\/#primaryimage"},"image":{"@id":"https:\/\/www.vgvk.at\/training\/#primaryimage"},"thumbnailUrl":"https:\/\/www.vgvk.at\/wp-content\/uploads\/2025\/07\/Fotos_VgVK-Web_-15.jpg","datePublished":"2025-07-18T16:03:20+00:00","dateModified":"2026-02-05T13:17:28+00:00","description":"Trainiere Medieval Combat in Wien: w\u00f6chentliche Soft-Sword-Sessions f\u00fcr alle Fitnesslevels beim VgVK Wien.","breadcrumb":{"@id":"https:\/\/www.vgvk.at\/training\/#breadcrumb"},"inLanguage":"en-US","potentialAction":[{"@type":"ReadAction","target":["https:\/\/www.vgvk.at\/training\/"]}]},{"@type":"ImageObject","inLanguage":"en-US","@id":"https:\/\/www.vgvk.at\/training\/#primaryimage","url":"https:\/\/www.vgvk.at\/wp-content\/uploads\/2025\/07\/Fotos_VgVK-Web_-15.jpg","contentUrl":"https:\/\/www.vgvk.at\/wp-content\/uploads\/2025\/07\/Fotos_VgVK-Web_-15.jpg"},{"@type":"BreadcrumbList","@id":"https:\/\/www.vgvk.at\/training\/#breadcrumb","itemListElement":[{"@type":"ListItem","position":1,"name":"Home","item":"https:\/\/www.vgvk.at\/"},{"@type":"ListItem","position":2,"name":"Training"}]},{"@type":"WebSite","@id":"https:\/\/www.vgvk.at\/#website","url":"https:\/\/www.vgvk.at\/","name":"VgVK Vienna","description":"Medieval Combat in Vienna since 2011","publisher":{"@id":"https:\/\/www.vgvk.at\/#organization"},"potentialAction":[{"@type":"SearchAction","target":{"@type":"EntryPoint","urlTemplate":"https:\/\/www.vgvk.at\/?s={search_term_string}"},"query-input":{"@type":"PropertyValueSpecification","valueRequired":true,"valueName":"search_term_string"}}],"inLanguage":"en-US"},{"@type":"Organization","@id":"https:\/\/www.vgvk.at\/#organization","name":"VgVK Vienna","url":"https:\/\/www.vgvk.at\/","logo":{"@type":"ImageObject","inLanguage":"en-US","@id":"https:\/\/www.vgvk.at\/#\/schema\/logo\/image\/","url":"https:\/\/www.vgvk.at\/wp-content\/uploads\/2025\/07\/cropped-VgVK-Wien-Logo-neu-2025.png","contentUrl":"https:\/\/www.vgvk.at\/wp-content\/uploads\/2025\/07\/cropped-VgVK-Wien-Logo-neu-2025.png","width":512,"height":512,"caption":"VgVK Wien"},"image":{"@id":"https:\/\/www.vgvk.at\/#\/schema\/logo\/image\/"},"sameAs":["https:\/\/www.facebook.com\/Vollkontaktkampf","https:\/\/www.youtube.com\/@VgVKWien-MedievalCombat","https:\/\/www.instagram.com\/vollkontaktkampf_wien\/","https:\/\/www.linkedin.com\/company\/vollkontaktkampf-wien"]}]}},"_links":{"self":[{"href":"https:\/\/www.vgvk.at\/en\/wp-json\/wp\/v2\/pages\/282","targetHints":{"allow":["GET"]}}],"collection":[{"href":"https:\/\/www.vgvk.at\/en\/wp-json\/wp\/v2\/pages"}],"about":[{"href":"https:\/\/www.vgvk.at\/en\/wp-json\/wp\/v2\/types\/page"}],"author":[{"embeddable":true,"href":"https:\/\/www.vgvk.at\/en\/wp-json\/wp\/v2\/users\/1"}],"replies":[{"embeddable":true,"href":"https:\/\/www.vgvk.at\/en\/wp-json\/wp\/v2\/comments?post=282"}],"version-history":[{"count":76,"href":"https:\/\/www.vgvk.at\/en\/wp-json\/wp\/v2\/pages\/282\/revisions"}],"predecessor-version":[{"id":1296,"href":"https:\/\/www.vgvk.at\/en\/wp-json\/wp\/v2\/pages\/282\/revisions\/1296"}],"wp:attachment":[{"href":"https:\/\/www.vgvk.at\/en\/wp-json\/wp\/v2\/media?parent=282"}],"curies":[{"name":"wp","href":"https:\/\/api.w.org\/{rel}","templated":true}]}}