{"id":1216,"date":"2025-11-22T19:11:02","date_gmt":"2025-11-22T19:11:02","guid":{"rendered":"https:\/\/www.vgvk.at\/?page_id=1216"},"modified":"2026-04-07T13:01:28","modified_gmt":"2026-04-07T13:01:28","slug":"strasshof","status":"publish","type":"page","link":"https:\/\/www.vgvk.at\/en\/strasshof\/","title":{"rendered":"VgVK Strasshof"},"content":{"rendered":"<div data-elementor-type=\"wp-page\" data-elementor-id=\"1216\" class=\"elementor elementor-1216\">\n\t\t\t\t<div class=\"elementor-element elementor-element-f2a2614 e-flex e-con-boxed wpr-particle-no wpr-jarallax-no wpr-parallax-no wpr-sticky-section-no e-con e-parent\" data-id=\"f2a2614\" data-element_type=\"container\">\n\t\t\t\t\t<div class=\"e-con-inner\">\n\t\t\t\t<div class=\"elementor-element elementor-element-cc291a4 elementor-widget elementor-widget-image\" data-id=\"cc291a4\" data-element_type=\"widget\" data-widget_type=\"image.default\">\n\t\t\t\t\t\t\t\t\t\t\t\t\t\t\t<img fetchpriority=\"high\" decoding=\"async\" width=\"1920\" height=\"800\" src=\"https:\/\/www.vgvk.at\/wp-content\/uploads\/2026\/04\/VgVK-Strasshof_Header_Website.jpg\" class=\"attachment-full size-full wp-image-1376\" alt=\"\" srcset=\"https:\/\/www.vgvk.at\/wp-content\/uploads\/2026\/04\/VgVK-Strasshof_Header_Website.jpg 1920w, https:\/\/www.vgvk.at\/wp-content\/uploads\/2026\/04\/VgVK-Strasshof_Header_Website-300x125.jpg 300w, https:\/\/www.vgvk.at\/wp-content\/uploads\/2026\/04\/VgVK-Strasshof_Header_Website-1024x427.jpg 1024w, https:\/\/www.vgvk.at\/wp-content\/uploads\/2026\/04\/VgVK-Strasshof_Header_Website-768x320.jpg 768w, https:\/\/www.vgvk.at\/wp-content\/uploads\/2026\/04\/VgVK-Strasshof_Header_Website-1536x640.jpg 1536w, https:\/\/www.vgvk.at\/wp-content\/uploads\/2026\/04\/VgVK-Strasshof_Header_Website-18x8.jpg 18w\" sizes=\"(max-width: 1920px) 100vw, 1920px\" \/>\t\t\t\t\t\t\t\t\t\t\t\t\t\t\t<\/div>\n\t\t\t\t\t<\/div>\n\t\t\t\t<\/div>\n\t\t<div class=\"elementor-element elementor-element-3b2aec7 e-flex e-con-boxed wpr-particle-no wpr-jarallax-no wpr-parallax-no wpr-sticky-section-no e-con e-parent\" data-id=\"3b2aec7\" data-element_type=\"container\">\n\t\t\t\t\t<div class=\"e-con-inner\">\n\t\t<div class=\"elementor-element elementor-element-9e0b43a e-con-full e-flex wpr-particle-no wpr-jarallax-no wpr-parallax-no wpr-sticky-section-no e-con e-child\" data-id=\"9e0b43a\" data-element_type=\"container\">\n\t\t\t\t<div class=\"elementor-element elementor-element-21950cc elementor-widget__width-initial elementor-widget elementor-widget-text-editor\" data-id=\"21950cc\" data-element_type=\"widget\" data-widget_type=\"text-editor.default\">\n\t\t\t\t\t\t\t\t\t<h3><strong>VgVK Strasshof<\/strong><\/h3>\t\t\t\t\t\t\t\t<\/div>\n\t\t\t\t<div class=\"elementor-element elementor-element-b227275 elementor-widget__width-initial elementor-widget elementor-widget-text-editor\" data-id=\"b227275\" data-element_type=\"widget\" data-widget_type=\"text-editor.default\">\n\t\t\t\t\t\t\t\t\t<p><strong>Gr\u00fcndung:<\/strong> April 2024<br \/><strong>Sitz:<\/strong> Strasshof an der Nordbahn<br \/><strong>ZVR:<\/strong> <span class=\"x193iq5w xeuugli x13faqbe x1vvkbs x1xmvt09 x1lliihq x1s928wv xhkezso x1gmr53x x1cpjm7i x1fgarty x1943h6x xudqn12 x3x7a5m x6prxxf xvq8zen xo1l8bm xzsf02u\" dir=\"auto\">1500370439<\/span><br \/><strong>Obmann:<\/strong> Markus Br\u00fcckner<br \/><strong>Kontakt: <a href=\"mailto:strasshof@vgvk.at\">strasshof@vgvk.at<\/a><\/strong><\/p><p>Interesse in der Region im Medieval Combat-Sport aktiv zu werden? Wir suchen motivierte Sportler:innen f\u00fcr unseren neuen Trainingsbetrieb!<\/p>\t\t\t\t\t\t\t\t<\/div>\n\t\t\t\t<\/div>\n\t\t<div class=\"elementor-element elementor-element-376c92f e-con-full e-flex wpr-particle-no wpr-jarallax-no wpr-parallax-no wpr-sticky-section-no e-con e-child\" data-id=\"376c92f\" data-element_type=\"container\">\n\t\t\t\t<div class=\"elementor-element elementor-element-6c92083 elementor-widget elementor-widget-image\" data-id=\"6c92083\" data-element_type=\"widget\" data-widget_type=\"image.default\">\n\t\t\t\t\t\t\t\t\t\t\t\t\t\t\t<img decoding=\"async\" width=\"720\" height=\"478\" src=\"https:\/\/www.vgvk.at\/wp-content\/uploads\/2025\/07\/Fotos_VgVK-Web_-7.jpg\" class=\"attachment-large size-large wp-image-372\" alt=\"\" srcset=\"https:\/\/www.vgvk.at\/wp-content\/uploads\/2025\/07\/Fotos_VgVK-Web_-7.jpg 720w, https:\/\/www.vgvk.at\/wp-content\/uploads\/2025\/07\/Fotos_VgVK-Web_-7-300x199.jpg 300w, https:\/\/www.vgvk.at\/wp-content\/uploads\/2025\/07\/Fotos_VgVK-Web_-7-18x12.jpg 18w\" sizes=\"(max-width: 720px) 100vw, 720px\" \/>\t\t\t\t\t\t\t\t\t\t\t\t\t\t\t<\/div>\n\t\t\t\t<\/div>\n\t\t\t\t\t<\/div>\n\t\t\t\t<\/div>\n\t\t<div class=\"elementor-element elementor-element-944367d e-flex e-con-boxed wpr-particle-no wpr-jarallax-no wpr-parallax-no wpr-sticky-section-no e-con e-parent\" data-id=\"944367d\" data-element_type=\"container\">\n\t\t\t\t\t<div class=\"e-con-inner\">\n\t\t<div class=\"elementor-element elementor-element-2769c39 e-con-full e-flex wpr-particle-no wpr-jarallax-no wpr-parallax-no wpr-sticky-section-no e-con e-child\" data-id=\"2769c39\" data-element_type=\"container\">\n\t\t\t\t<div class=\"elementor-element elementor-element-743652b elementor-widget elementor-widget-image\" data-id=\"743652b\" data-element_type=\"widget\" data-widget_type=\"image.default\">\n\t\t\t\t\t\t\t\t\t\t\t\t\t\t\t\t<a href=\"https:\/\/www.asvoe-noe.at\/\">\n\t\t\t\t\t\t\t<img decoding=\"async\" width=\"1024\" height=\"349\" src=\"https:\/\/www.vgvk.at\/wp-content\/uploads\/2026\/04\/asvoe-niederoesterreich-logo.jpg\" class=\"attachment-large size-large wp-image-1375\" alt=\"\" srcset=\"https:\/\/www.vgvk.at\/wp-content\/uploads\/2026\/04\/asvoe-niederoesterreich-logo.jpg 1024w, https:\/\/www.vgvk.at\/wp-content\/uploads\/2026\/04\/asvoe-niederoesterreich-logo-300x102.jpg 300w, https:\/\/www.vgvk.at\/wp-content\/uploads\/2026\/04\/asvoe-niederoesterreich-logo-768x262.jpg 768w, https:\/\/www.vgvk.at\/wp-content\/uploads\/2026\/04\/asvoe-niederoesterreich-logo-18x6.jpg 18w\" sizes=\"(max-width: 1024px) 100vw, 1024px\" \/>\t\t\t\t\t\t\t\t<\/a>\n\t\t\t\t\t\t\t\t\t\t\t\t\t\t\t<\/div>\n\t\t\t\t<\/div>\n\t\t<div class=\"elementor-element elementor-element-1d1e15e e-con-full e-flex wpr-particle-no wpr-jarallax-no wpr-parallax-no wpr-sticky-section-no e-con e-child\" data-id=\"1d1e15e\" data-element_type=\"container\">\n\t\t\t\t<div class=\"elementor-element elementor-element-897c3a3 elementor-widget__width-initial elementor-widget elementor-widget-text-editor\" data-id=\"897c3a3\" data-element_type=\"widget\" data-widget_type=\"text-editor.default\">\n\t\t\t\t\t\t\t\t\t<p class=\"limited centered\">Der VgVK Strasshof ist seit April 2026 Mitglied im <strong>ASV\u00d6 Nieder\u00f6sterreich<\/strong>.<\/p>\t\t\t\t\t\t\t\t<\/div>\n\t\t\t\t<\/div>\n\t\t<div class=\"elementor-element elementor-element-06bcc42 e-con-full e-flex wpr-particle-no wpr-jarallax-no wpr-parallax-no wpr-sticky-section-no e-con e-child\" data-id=\"06bcc42\" data-element_type=\"container\">\n\t\t\t\t<div class=\"elementor-element elementor-element-badeb7f elementor-widget elementor-widget-image\" data-id=\"badeb7f\" data-element_type=\"widget\" data-widget_type=\"image.default\">\n\t\t\t\t\t\t\t\t\t\t\t\t\t\t\t\t<a href=\"https:\/\/armoredcombat.at\/\">\n\t\t\t\t\t\t\t<img loading=\"lazy\" decoding=\"async\" width=\"592\" height=\"257\" src=\"https:\/\/www.vgvk.at\/wp-content\/uploads\/2025\/07\/ACA_Web_freigestellt.png\" class=\"attachment-large size-large wp-image-379\" alt=\"\" srcset=\"https:\/\/www.vgvk.at\/wp-content\/uploads\/2025\/07\/ACA_Web_freigestellt.png 592w, https:\/\/www.vgvk.at\/wp-content\/uploads\/2025\/07\/ACA_Web_freigestellt-300x130.png 300w, https:\/\/www.vgvk.at\/wp-content\/uploads\/2025\/07\/ACA_Web_freigestellt-18x8.png 18w\" sizes=\"(max-width: 592px) 100vw, 592px\" \/>\t\t\t\t\t\t\t\t<\/a>\n\t\t\t\t\t\t\t\t\t\t\t\t\t\t\t<\/div>\n\t\t\t\t<\/div>\n\t\t<div class=\"elementor-element elementor-element-e06fe00 e-con-full e-flex wpr-particle-no wpr-jarallax-no wpr-parallax-no wpr-sticky-section-no e-con e-child\" data-id=\"e06fe00\" data-element_type=\"container\">\n\t\t\t\t<div class=\"elementor-element elementor-element-726beef elementor-widget__width-initial elementor-widget elementor-widget-text-editor\" data-id=\"726beef\" data-element_type=\"widget\" data-widget_type=\"text-editor.default\">\n\t\t\t\t\t\t\t\t\t<p class=\"limited centered\">Der VgVK Strasshof ist Mitglied in der <strong>ARMORED COMBAT AUSTRIA<\/strong> dem \u00f6sterreichischen Sport-Fachverband f\u00fcr Medieval Combat.<\/p>\t\t\t\t\t\t\t\t<\/div>\n\t\t\t\t<\/div>\n\t\t<div class=\"elementor-element elementor-element-649eb67 e-con-full e-flex wpr-particle-no wpr-jarallax-no wpr-parallax-no wpr-sticky-section-no e-con e-child\" data-id=\"649eb67\" data-element_type=\"container\">\n\t\t\t\t<div class=\"elementor-element elementor-element-b8a44e1 elementor-widget__width-initial elementor-widget elementor-widget-text-editor\" data-id=\"b8a44e1\" data-element_type=\"widget\" data-widget_type=\"text-editor.default\">\n\t\t\t\t\t\t\t\t\t<p class=\"limited centered\">Der VgVK Strasshof ist auch Mitglied in der <strong>ARMORED COMBAT Nieder\u00f6sterreich<\/strong> dem nieder\u00f6sterreichischen Landesverband f\u00fcr Medieval Combat.<\/p>\t\t\t\t\t\t\t\t<\/div>\n\t\t\t\t<\/div>\n\t\t<div class=\"elementor-element elementor-element-942c3e8 e-con-full e-flex wpr-particle-no wpr-jarallax-no wpr-parallax-no wpr-sticky-section-no e-con e-child\" data-id=\"942c3e8\" data-element_type=\"container\">\n\t\t\t\t<div class=\"elementor-element elementor-element-d12adbf elementor-widget elementor-widget-image\" data-id=\"d12adbf\" data-element_type=\"widget\" data-widget_type=\"image.default\">\n\t\t\t\t\t\t\t\t\t\t\t\t\t\t\t\t<a href=\"https:\/\/armoredcombat.at\/landesverbaende\">\n\t\t\t\t\t\t\t<img loading=\"lazy\" decoding=\"async\" width=\"592\" height=\"257\" src=\"https:\/\/www.vgvk.at\/wp-content\/uploads\/2025\/11\/ACNOE_logo_Web.png.png\" class=\"attachment-large size-large wp-image-1242\" alt=\"\" srcset=\"https:\/\/www.vgvk.at\/wp-content\/uploads\/2025\/11\/ACNOE_logo_Web.png.png 592w, https:\/\/www.vgvk.at\/wp-content\/uploads\/2025\/11\/ACNOE_logo_Web.png-300x130.png 300w, https:\/\/www.vgvk.at\/wp-content\/uploads\/2025\/11\/ACNOE_logo_Web.png-18x8.png 18w\" sizes=\"(max-width: 592px) 100vw, 592px\" \/>\t\t\t\t\t\t\t\t<\/a>\n\t\t\t\t\t\t\t\t\t\t\t\t\t\t\t<\/div>\n\t\t\t\t<\/div>\n\t\t\t\t\t<\/div>\n\t\t\t\t<\/div>\n\t\t<div class=\"elementor-element elementor-element-b7ad3bb e-flex e-con-boxed wpr-particle-no wpr-jarallax-no wpr-parallax-no wpr-sticky-section-no e-con e-parent\" data-id=\"b7ad3bb\" data-element_type=\"container\">\n\t\t\t\t\t<div class=\"e-con-inner\">\n\t\t\t\t<div class=\"elementor-element elementor-element-e7dd975 elementor-widget elementor-widget-html\" data-id=\"e7dd975\" data-element_type=\"widget\" data-widget_type=\"html.default\">\n\t\t\t\t\t<script src=\"https:\/\/board.fitsportaustria.at\/66b5abfb8722a.js\" type=\"text\/javascript\"> <\/script>\t\t\t\t<\/div>\n\t\t\t\t\t<\/div>\n\t\t\t\t<\/div>\n\t\t\t\t<\/div>","protected":false},"excerpt":{"rendered":"<p>VgVK Strasshof Gr\u00fcndung: April 2024Sitz: Strasshof an der NordbahnZVR: 1500370439Obmann: Markus Br\u00fccknerKontakt: strasshof@vgvk.at Interesse in der Region im Medieval Combat-Sport aktiv zu werden? Wir suchen motivierte Sportler:innen f\u00fcr unseren neuen Trainingsbetrieb! Der VgVK Strasshof ist seit April 2026 Mitglied im ASV\u00d6 Nieder\u00f6sterreich. Der VgVK Strasshof ist Mitglied in der ARMORED COMBAT AUSTRIA dem \u00f6sterreichischen Sport-Fachverband f\u00fcr Medieval Combat. Der VgVK Strasshof ist auch Mitglied in der ARMORED COMBAT Nieder\u00f6sterreich dem nieder\u00f6sterreichischen Landesverband f\u00fcr Medieval Combat.<\/p>","protected":false},"author":1,"featured_media":0,"parent":0,"menu_order":0,"comment_status":"closed","ping_status":"closed","template":"","meta":{"footnotes":""},"class_list":["post-1216","page","type-page","status-publish","hentry"],"yoast_head":"<!-- This site is optimized with the Yoast SEO plugin v26.9 - https:\/\/yoast.com\/product\/yoast-seo-wordpress\/ -->\n<title>VgVK Strasshof - VgVK Wien<\/title>\n<meta name=\"robots\" content=\"index, follow, max-snippet:-1, max-image-preview:large, max-video-preview:-1\" \/>\n<link rel=\"canonical\" href=\"https:\/\/www.vgvk.at\/en\/strasshof\/\" \/>\n<meta property=\"og:locale\" content=\"en_US\" \/>\n<meta property=\"og:type\" content=\"article\" \/>\n<meta property=\"og:title\" content=\"VgVK Strasshof - VgVK Wien\" \/>\n<meta property=\"og:description\" content=\"VgVK Strasshof Gr\u00fcndung: April 2024Sitz: Strasshof an der NordbahnZVR: 1500370439Obmann: Markus Br\u00fccknerKontakt: strasshof@vgvk.at Interesse in der Region im Medieval Combat-Sport aktiv zu werden? Wir suchen motivierte Sportler:innen f\u00fcr unseren neuen Trainingsbetrieb! Der VgVK Strasshof ist seit April 2026 Mitglied im ASV\u00d6 Nieder\u00f6sterreich. Der VgVK Strasshof ist Mitglied in der ARMORED COMBAT AUSTRIA dem \u00f6sterreichischen Sport-Fachverband f\u00fcr Medieval Combat. Der VgVK Strasshof ist auch Mitglied in der ARMORED COMBAT Nieder\u00f6sterreich dem nieder\u00f6sterreichischen Landesverband f\u00fcr Medieval Combat.\" \/>\n<meta property=\"og:url\" content=\"https:\/\/www.vgvk.at\/en\/strasshof\/\" \/>\n<meta property=\"og:site_name\" content=\"VgVK Wien\" \/>\n<meta property=\"article:publisher\" content=\"https:\/\/www.facebook.com\/Vollkontaktkampf\" \/>\n<meta property=\"article:modified_time\" content=\"2026-04-07T13:01:28+00:00\" \/>\n<meta property=\"og:image\" content=\"https:\/\/www.vgvk.at\/wp-content\/uploads\/2026\/04\/VgVK-Strasshof_Header_Website.jpg\" \/>\n\t<meta property=\"og:image:width\" content=\"1920\" \/>\n\t<meta property=\"og:image:height\" content=\"800\" \/>\n\t<meta property=\"og:image:type\" content=\"image\/jpeg\" \/>\n<meta name=\"twitter:card\" content=\"summary_large_image\" \/>\n<meta name=\"twitter:label1\" content=\"Est. reading time\" \/>\n\t<meta name=\"twitter:data1\" content=\"1 minute\" \/>\n<script type=\"application\/ld+json\" class=\"yoast-schema-graph\">{\"@context\":\"https:\/\/schema.org\",\"@graph\":[{\"@type\":\"WebPage\",\"@id\":\"https:\/\/www.vgvk.at\/strasshof\/\",\"url\":\"https:\/\/www.vgvk.at\/strasshof\/\",\"name\":\"VgVK Strasshof - VgVK Wien\",\"isPartOf\":{\"@id\":\"https:\/\/www.vgvk.at\/#website\"},\"primaryImageOfPage\":{\"@id\":\"https:\/\/www.vgvk.at\/strasshof\/#primaryimage\"},\"image\":{\"@id\":\"https:\/\/www.vgvk.at\/strasshof\/#primaryimage\"},\"thumbnailUrl\":\"https:\/\/www.vgvk.at\/wp-content\/uploads\/2026\/04\/VgVK-Strasshof_Header_Website.jpg\",\"datePublished\":\"2025-11-22T19:11:02+00:00\",\"dateModified\":\"2026-04-07T13:01:28+00:00\",\"breadcrumb\":{\"@id\":\"https:\/\/www.vgvk.at\/strasshof\/#breadcrumb\"},\"inLanguage\":\"en-US\",\"potentialAction\":[{\"@type\":\"ReadAction\",\"target\":[\"https:\/\/www.vgvk.at\/strasshof\/\"]}]},{\"@type\":\"ImageObject\",\"inLanguage\":\"en-US\",\"@id\":\"https:\/\/www.vgvk.at\/strasshof\/#primaryimage\",\"url\":\"https:\/\/www.vgvk.at\/wp-content\/uploads\/2026\/04\/VgVK-Strasshof_Header_Website.jpg\",\"contentUrl\":\"https:\/\/www.vgvk.at\/wp-content\/uploads\/2026\/04\/VgVK-Strasshof_Header_Website.jpg\"},{\"@type\":\"BreadcrumbList\",\"@id\":\"https:\/\/www.vgvk.at\/strasshof\/#breadcrumb\",\"itemListElement\":[{\"@type\":\"ListItem\",\"position\":1,\"name\":\"Home\",\"item\":\"https:\/\/www.vgvk.at\/\"},{\"@type\":\"ListItem\",\"position\":2,\"name\":\"VgVK Strasshof\"}]},{\"@type\":\"WebSite\",\"@id\":\"https:\/\/www.vgvk.at\/#website\",\"url\":\"https:\/\/www.vgvk.at\/\",\"name\":\"VgVK Wien\",\"description\":\"Medieval Combat in Wien seit 2011\",\"publisher\":{\"@id\":\"https:\/\/www.vgvk.at\/#organization\"},\"potentialAction\":[{\"@type\":\"SearchAction\",\"target\":{\"@type\":\"EntryPoint\",\"urlTemplate\":\"https:\/\/www.vgvk.at\/?s={search_term_string}\"},\"query-input\":{\"@type\":\"PropertyValueSpecification\",\"valueRequired\":true,\"valueName\":\"search_term_string\"}}],\"inLanguage\":\"en-US\"},{\"@type\":\"Organization\",\"@id\":\"https:\/\/www.vgvk.at\/#organization\",\"name\":\"VgVK Wien\",\"url\":\"https:\/\/www.vgvk.at\/\",\"logo\":{\"@type\":\"ImageObject\",\"inLanguage\":\"en-US\",\"@id\":\"https:\/\/www.vgvk.at\/#\/schema\/logo\/image\/\",\"url\":\"https:\/\/www.vgvk.at\/wp-content\/uploads\/2025\/07\/cropped-VgVK-Wien-Logo-neu-2025.png\",\"contentUrl\":\"https:\/\/www.vgvk.at\/wp-content\/uploads\/2025\/07\/cropped-VgVK-Wien-Logo-neu-2025.png\",\"width\":512,\"height\":512,\"caption\":\"VgVK Wien\"},\"image\":{\"@id\":\"https:\/\/www.vgvk.at\/#\/schema\/logo\/image\/\"},\"sameAs\":[\"https:\/\/www.facebook.com\/Vollkontaktkampf\",\"https:\/\/www.youtube.com\/@VgVKWien-MedievalCombat\",\"https:\/\/www.instagram.com\/vollkontaktkampf_wien\/\",\"https:\/\/www.linkedin.com\/company\/vollkontaktkampf-wien\"]}]}<\/script>\n<!-- \/ Yoast SEO plugin. -->","yoast_head_json":{"title":"VgVK Strasshof - VgVK Wien","robots":{"index":"index","follow":"follow","max-snippet":"max-snippet:-1","max-image-preview":"max-image-preview:large","max-video-preview":"max-video-preview:-1"},"canonical":"https:\/\/www.vgvk.at\/en\/strasshof\/","og_locale":"en_US","og_type":"article","og_title":"VgVK Strasshof - VgVK Wien","og_description":"VgVK Strasshof Gr\u00fcndung: April 2024Sitz: Strasshof an der NordbahnZVR: 1500370439Obmann: Markus Br\u00fccknerKontakt: strasshof@vgvk.at Interesse in der Region im Medieval Combat-Sport aktiv zu werden? Wir suchen motivierte Sportler:innen f\u00fcr unseren neuen Trainingsbetrieb! Der VgVK Strasshof ist seit April 2026 Mitglied im ASV\u00d6 Nieder\u00f6sterreich. Der VgVK Strasshof ist Mitglied in der ARMORED COMBAT AUSTRIA dem \u00f6sterreichischen Sport-Fachverband f\u00fcr Medieval Combat. Der VgVK Strasshof ist auch Mitglied in der ARMORED COMBAT Nieder\u00f6sterreich dem nieder\u00f6sterreichischen Landesverband f\u00fcr Medieval Combat.","og_url":"https:\/\/www.vgvk.at\/en\/strasshof\/","og_site_name":"VgVK Wien","article_publisher":"https:\/\/www.facebook.com\/Vollkontaktkampf","article_modified_time":"2026-04-07T13:01:28+00:00","og_image":[{"width":1920,"height":800,"url":"https:\/\/www.vgvk.at\/wp-content\/uploads\/2026\/04\/VgVK-Strasshof_Header_Website.jpg","type":"image\/jpeg"}],"twitter_card":"summary_large_image","twitter_misc":{"Est. reading time":"1 minute"},"schema":{"@context":"https:\/\/schema.org","@graph":[{"@type":"WebPage","@id":"https:\/\/www.vgvk.at\/strasshof\/","url":"https:\/\/www.vgvk.at\/strasshof\/","name":"VgVK Strasshof - VgVK Wien","isPartOf":{"@id":"https:\/\/www.vgvk.at\/#website"},"primaryImageOfPage":{"@id":"https:\/\/www.vgvk.at\/strasshof\/#primaryimage"},"image":{"@id":"https:\/\/www.vgvk.at\/strasshof\/#primaryimage"},"thumbnailUrl":"https:\/\/www.vgvk.at\/wp-content\/uploads\/2026\/04\/VgVK-Strasshof_Header_Website.jpg","datePublished":"2025-11-22T19:11:02+00:00","dateModified":"2026-04-07T13:01:28+00:00","breadcrumb":{"@id":"https:\/\/www.vgvk.at\/strasshof\/#breadcrumb"},"inLanguage":"en-US","potentialAction":[{"@type":"ReadAction","target":["https:\/\/www.vgvk.at\/strasshof\/"]}]},{"@type":"ImageObject","inLanguage":"en-US","@id":"https:\/\/www.vgvk.at\/strasshof\/#primaryimage","url":"https:\/\/www.vgvk.at\/wp-content\/uploads\/2026\/04\/VgVK-Strasshof_Header_Website.jpg","contentUrl":"https:\/\/www.vgvk.at\/wp-content\/uploads\/2026\/04\/VgVK-Strasshof_Header_Website.jpg"},{"@type":"BreadcrumbList","@id":"https:\/\/www.vgvk.at\/strasshof\/#breadcrumb","itemListElement":[{"@type":"ListItem","position":1,"name":"Home","item":"https:\/\/www.vgvk.at\/"},{"@type":"ListItem","position":2,"name":"VgVK Strasshof"}]},{"@type":"WebSite","@id":"https:\/\/www.vgvk.at\/#website","url":"https:\/\/www.vgvk.at\/","name":"VgVK Vienna","description":"Medieval Combat in Vienna since 2011","publisher":{"@id":"https:\/\/www.vgvk.at\/#organization"},"potentialAction":[{"@type":"SearchAction","target":{"@type":"EntryPoint","urlTemplate":"https:\/\/www.vgvk.at\/?s={search_term_string}"},"query-input":{"@type":"PropertyValueSpecification","valueRequired":true,"valueName":"search_term_string"}}],"inLanguage":"en-US"},{"@type":"Organization","@id":"https:\/\/www.vgvk.at\/#organization","name":"VgVK Vienna","url":"https:\/\/www.vgvk.at\/","logo":{"@type":"ImageObject","inLanguage":"en-US","@id":"https:\/\/www.vgvk.at\/#\/schema\/logo\/image\/","url":"https:\/\/www.vgvk.at\/wp-content\/uploads\/2025\/07\/cropped-VgVK-Wien-Logo-neu-2025.png","contentUrl":"https:\/\/www.vgvk.at\/wp-content\/uploads\/2025\/07\/cropped-VgVK-Wien-Logo-neu-2025.png","width":512,"height":512,"caption":"VgVK Wien"},"image":{"@id":"https:\/\/www.vgvk.at\/#\/schema\/logo\/image\/"},"sameAs":["https:\/\/www.facebook.com\/Vollkontaktkampf","https:\/\/www.youtube.com\/@VgVKWien-MedievalCombat","https:\/\/www.instagram.com\/vollkontaktkampf_wien\/","https:\/\/www.linkedin.com\/company\/vollkontaktkampf-wien"]}]}},"_links":{"self":[{"href":"https:\/\/www.vgvk.at\/en\/wp-json\/wp\/v2\/pages\/1216","targetHints":{"allow":["GET"]}}],"collection":[{"href":"https:\/\/www.vgvk.at\/en\/wp-json\/wp\/v2\/pages"}],"about":[{"href":"https:\/\/www.vgvk.at\/en\/wp-json\/wp\/v2\/types\/page"}],"author":[{"embeddable":true,"href":"https:\/\/www.vgvk.at\/en\/wp-json\/wp\/v2\/users\/1"}],"replies":[{"embeddable":true,"href":"https:\/\/www.vgvk.at\/en\/wp-json\/wp\/v2\/comments?post=1216"}],"version-history":[{"count":25,"href":"https:\/\/www.vgvk.at\/en\/wp-json\/wp\/v2\/pages\/1216\/revisions"}],"predecessor-version":[{"id":1379,"href":"https:\/\/www.vgvk.at\/en\/wp-json\/wp\/v2\/pages\/1216\/revisions\/1379"}],"wp:attachment":[{"href":"https:\/\/www.vgvk.at\/en\/wp-json\/wp\/v2\/media?parent=1216"}],"curies":[{"name":"wp","href":"https:\/\/api.w.org\/{rel}","templated":true}]}}